
{"id":984,"date":"2015-02-04T21:11:46","date_gmt":"2015-02-04T20:11:46","guid":{"rendered":"http:\/\/pwe-racing.de\/?page_id=984"},"modified":"2015-02-06T23:01:19","modified_gmt":"2015-02-06T22:01:19","slug":"termine","status":"publish","type":"page","link":"https:\/\/pwe-racing.de\/?page_id=984","title":{"rendered":"Kalender"},"content":{"rendered":"<p>Alle wichtigen Termine der Serien :<\/p>\n<p>Rotax Max Euro Challenge, Rotax Max Challenge Germany<\/p>\n<p>ACV Rhein-Main Kart-Cup, ACV Baden-W\u00fcrttemberg Kart-Cup<\/p>\n<p><iframe loading=\"lazy\" style=\"border-width: 0;\" src=\"https:\/\/www.google.com\/calendar\/embed?height=600&amp;wkst=2&amp;bgcolor=%23ffffff&amp;src=i70e0kphi6c4opsv4epvbt1d2s%40group.calendar.google.com&amp;color=%23333333&amp;ctz=Europe%2FBerlin\" width=\"800\" height=\"600\" frameborder=\"0\" scrolling=\"no\"><\/iframe><\/p>\n<p><script type=\"text\/javascript\">\n    google_ad_client = \"ca-pub-7915167767901340\";\n    google_ad_slot = \"8385464917\";\n    google_ad_width = 600;\n    google_ad_height = 90;\n<\/script><br \/>\n<!-- Kart --><br \/>\n<script type=\"text\/javascript\"\nsrc=\"\/\/pagead2.googlesyndication.com\/pagead\/show_ads.js\">\n<\/script><\/p>\n","protected":false},"excerpt":{"rendered":"<p>Alle wichtigen Termine der Serien : Rotax Max Euro Challenge, Rotax Max Challenge Germany ACV Rhein-Main Kart-Cup, ACV Baden-W\u00fcrttemberg Kart-Cup<\/p>\n","protected":false},"author":1,"featured_media":0,"parent":7,"menu_order":2,"comment_status":"closed","ping_status":"closed","template":"","meta":{"jetpack_post_was_ever_published":false},"jetpack_sharing_enabled":true,"jetpack_shortlink":"https:\/\/wp.me\/P3YlFR-fS","jetpack-related-posts":[{"id":42,"url":"https:\/\/pwe-racing.de\/?page_id=42","url_meta":{"origin":984,"position":0},"title":"Erfolge","author":"Philipp Weber","date":"1. Oktober 2013","format":false,"excerpt":"\u00a0 4. Platz - ADAC Rotax Max Challenge Germany 2017 - Rotax DD2 Master - Maranello Bestes Saison Ergebnis : 1. Platz - Wittgenborn - Wochenendwertung 7. Platz - ADAC Rotax Max Open Germany 2017 - Rotax DD2 Master - Maranello 8. Platz - ADAC Rotax Max Challenge Germany 2016\u2026","rel":"","context":"\u00c4hnlicher Beitrag","block_context":{"text":"\u00c4hnlicher Beitrag","link":""},"img":{"alt_text":"","src":"","width":0,"height":0},"classes":[]},{"id":10,"url":"https:\/\/pwe-racing.de\/?page_id=10","url_meta":{"origin":984,"position":1},"title":"\u00dcber mich","author":"Philipp Weber","date":"1. Oktober 2013","format":false,"excerpt":"Philipp Weber *24.08.1984 Kartsport seit : 2007 Aktiv seit\u00a0 \u00a0 \u00a0\u00a0\u00a0\u00a0 : 2013 \u00a0Lieblingsstrecken: Liedolsheim Oppenrod Ampfing Kirchheim unter Teck \u00a0Klasse: Rotax DD2 Master Hobbys: Kartsport Fitness Photography Ziele f\u00fcr 2017: Erfahrung Sammeln\u00a0 \u00a0\u00a0 Top 5 Platzierungen in der Rotax Max Challenge Deutschland History Philipp ist seit der Saison 2013\u2026","rel":"","context":"\u00c4hnlicher Beitrag","block_context":{"text":"\u00c4hnlicher Beitrag","link":""},"img":{"alt_text":"","src":"https:\/\/i0.wp.com\/pwe-racing.de\/wp-content\/uploads\/IMG_6720-e1470848368106.jpg?resize=350%2C200","width":350,"height":200},"classes":[]},{"id":22,"url":"https:\/\/pwe-racing.de\/?page_id=22","url_meta":{"origin":984,"position":2},"title":"Ergebnisse","author":"Philipp Weber","date":"1. Oktober 2013","format":false,"excerpt":"Rotax Max Challenge Deutschland 2017 Strecke Quali. 1.Lauf 2.Lauf 3.Lauf Meisterschaft Serien Chassis Wittgenborn 2 3 1 1 1 RMC Maranello Wackersdorf 4 3 4 2 1 RMC Maranello Genk 5 15** 9* 7** 2 RMC Maranello Ampfing 3 3 10*\/** 7 3 RMC Maranello Kerpen 4 10* 11* 8*\u2026","rel":"","context":"\u00c4hnlicher Beitrag","block_context":{"text":"\u00c4hnlicher Beitrag","link":""},"img":{"alt_text":"","src":"","width":0,"height":0},"classes":[]},{"id":83,"url":"https:\/\/pwe-racing.de\/?page_id=83","url_meta":{"origin":984,"position":3},"title":"Team","author":"Philipp Weber","date":"1. Oktober 2013","format":false,"excerpt":"In der Serie Rotax Max Challenge Germany wird Philipp f\u00fcr das Nees Racing Kart Team unter der Leitung von Manuel Nees an den Start gehen! Schrauber in den Saisons\u00a0 2013-2019 Ludwig Weber","rel":"","context":"\u00c4hnlicher Beitrag","block_context":{"text":"\u00c4hnlicher Beitrag","link":""},"img":{"alt_text":"","src":"https:\/\/i0.wp.com\/pwe-racing.de\/wp-content\/uploads\/ludwig.jpg?resize=350%2C200","width":350,"height":200},"classes":[]},{"id":62,"url":"https:\/\/pwe-racing.de\/?page_id=62","url_meta":{"origin":984,"position":4},"title":"Chassis","author":"Philipp Weber","date":"1. Oktober 2013","format":false,"excerpt":"In der Saison 2019 wird Philipp mit einem Maranello Kart an den Start gehen. Renn-Kart Maranello Kart RS11 30\/30 DD2 Hersteller Maranello Italien Rahmen Maranello Kart RS12 DD2 30\/30 Motor ROTAX 125 MAX-DD2 Evo 24KW \/ 32,6 PS bei 11.750 Upm 20Nm bei 10.500 Upm Max 14.000 Upm Rennklassen National\u2026","rel":"","context":"\u00c4hnlicher Beitrag","block_context":{"text":"\u00c4hnlicher Beitrag","link":""},"img":{"alt_text":"","src":"https:\/\/i0.wp.com\/pwe-racing.de\/wp-content\/uploads\/10712938_1562609524029541_2246705773467376759_n-e1455388267917.jpg?resize=350%2C200","width":350,"height":200},"classes":[]},{"id":158,"url":"https:\/\/pwe-racing.de\/","url_meta":{"origin":984,"position":5},"title":"Home","author":"Philipp Weber","date":"2. Oktober 2013","format":false,"excerpt":"N\u00e4chstes Rennen :\u00a0 22 - 23 . 06 . 2019 -- Bopfingen Aktuelles : --> Live Stream - RMC Bopfingen\u00a0 hier <-- Herzlich Willkommen Willkommen auf der Internetseite von Philipp Weber. Hier erfahren Sie alles \u00fcber den Kartfahrer aus Ebersbach an der Fils - Ro\u00dfw\u00e4lden (Stuttgart). Rennberichte, aktuelle Bilder, Termine\u2026","rel":"","context":"\u00c4hnlicher Beitrag","block_context":{"text":"\u00c4hnlicher Beitrag","link":""},"img":{"alt_text":"","src":"https:\/\/i0.wp.com\/pwe-racing.de\/wp-content\/uploads\/Philipp.jpg?resize=350%2C200","width":350,"height":200},"classes":[]}],"jetpack_likes_enabled":true,"_links":{"self":[{"href":"https:\/\/pwe-racing.de\/index.php?rest_route=\/wp\/v2\/pages\/984"}],"collection":[{"href":"https:\/\/pwe-racing.de\/index.php?rest_route=\/wp\/v2\/pages"}],"about":[{"href":"https:\/\/pwe-racing.de\/index.php?rest_route=\/wp\/v2\/types\/page"}],"author":[{"embeddable":true,"href":"https:\/\/pwe-racing.de\/index.php?rest_route=\/wp\/v2\/users\/1"}],"replies":[{"embeddable":true,"href":"https:\/\/pwe-racing.de\/index.php?rest_route=%2Fwp%2Fv2%2Fcomments&post=984"}],"version-history":[{"count":10,"href":"https:\/\/pwe-racing.de\/index.php?rest_route=\/wp\/v2\/pages\/984\/revisions"}],"predecessor-version":[{"id":1015,"href":"https:\/\/pwe-racing.de\/index.php?rest_route=\/wp\/v2\/pages\/984\/revisions\/1015"}],"up":[{"embeddable":true,"href":"https:\/\/pwe-racing.de\/index.php?rest_route=\/wp\/v2\/pages\/7"}],"wp:attachment":[{"href":"https:\/\/pwe-racing.de\/index.php?rest_route=%2Fwp%2Fv2%2Fmedia&parent=984"}],"curies":[{"name":"wp","href":"https:\/\/api.w.org\/{rel}","templated":true}]}}