
{"id":716,"date":"2014-09-09T18:40:37","date_gmt":"2014-09-09T17:40:37","guid":{"rendered":"http:\/\/pwe-racing.de\/?page_id=716"},"modified":"2017-07-24T15:27:02","modified_gmt":"2017-07-24T14:27:02","slug":"schnellste-runden","status":"publish","type":"page","link":"https:\/\/pwe-racing.de\/?page_id=716","title":{"rendered":"Schnellste Runden"},"content":{"rendered":"","protected":true},"excerpt":{"rendered":"","protected":true},"author":1,"featured_media":0,"parent":42,"menu_order":0,"comment_status":"closed","ping_status":"closed","template":"","meta":{"jetpack_post_was_ever_published":false},"jetpack_sharing_enabled":true,"jetpack_shortlink":"https:\/\/wp.me\/P3YlFR-by","jetpack-related-posts":[{"id":22,"url":"https:\/\/pwe-racing.de\/?page_id=22","url_meta":{"origin":716,"position":0},"title":"Ergebnisse","author":"Philipp Weber","date":"1. Oktober 2013","format":false,"excerpt":"Rotax Max Challenge Deutschland 2017 Strecke Quali. 1.Lauf 2.Lauf 3.Lauf Meisterschaft Serien Chassis Wittgenborn 2 3 1 1 1 RMC Maranello Wackersdorf 4 3 4 2 1 RMC Maranello Genk 5 15** 9* 7** 2 RMC Maranello Ampfing 3 3 10*\/** 7 3 RMC Maranello Kerpen 4 10* 11* 8*\u2026","rel":"","context":"\u00c4hnlicher Beitrag","block_context":{"text":"\u00c4hnlicher Beitrag","link":""},"img":{"alt_text":"","src":"","width":0,"height":0},"classes":[]},{"id":10,"url":"https:\/\/pwe-racing.de\/?page_id=10","url_meta":{"origin":716,"position":1},"title":"\u00dcber mich","author":"Philipp Weber","date":"1. Oktober 2013","format":false,"excerpt":"Philipp Weber *24.08.1984 Kartsport seit : 2007 Aktiv seit\u00a0 \u00a0 \u00a0\u00a0\u00a0\u00a0 : 2013 \u00a0Lieblingsstrecken: Liedolsheim Oppenrod Ampfing Kirchheim unter Teck \u00a0Klasse: Rotax DD2 Master Hobbys: Kartsport Fitness Photography Ziele f\u00fcr 2017: Erfahrung Sammeln\u00a0 \u00a0\u00a0 Top 5 Platzierungen in der Rotax Max Challenge Deutschland History Philipp ist seit der Saison 2013\u2026","rel":"","context":"\u00c4hnlicher Beitrag","block_context":{"text":"\u00c4hnlicher Beitrag","link":""},"img":{"alt_text":"","src":"https:\/\/i0.wp.com\/pwe-racing.de\/wp-content\/uploads\/IMG_6720-e1470848368106.jpg?resize=350%2C200","width":350,"height":200},"classes":[]},{"id":900,"url":"https:\/\/pwe-racing.de\/?page_id=900","url_meta":{"origin":716,"position":2},"title":"Mario Mei\u00dfner #599","author":"Philipp Weber","date":"25. November 2014","format":false,"excerpt":"In der Saison 2015 war Philipp in der Rotax Max Challenge Deutschland als Schrauber t\u00e4tig, beim DD2 Masters Fahrer Mario Mei\u00dfner. Das Rotax Max Challenge Open Wochenende war ein toller Einstieg als Schrauben in die bevorstehende Saison, Mario Mei\u00dfner holte sich einen starken 3 Platz. Rotax Max Open Wackersdorf 2015\u2026","rel":"","context":"\u00c4hnlicher Beitrag","block_context":{"text":"\u00c4hnlicher Beitrag","link":""},"img":{"alt_text":"","src":"","width":0,"height":0},"classes":[]},{"id":42,"url":"https:\/\/pwe-racing.de\/?page_id=42","url_meta":{"origin":716,"position":3},"title":"Erfolge","author":"Philipp Weber","date":"1. Oktober 2013","format":false,"excerpt":"\u00a0 4. Platz - ADAC Rotax Max Challenge Germany 2017 - Rotax DD2 Master - Maranello Bestes Saison Ergebnis : 1. Platz - Wittgenborn - Wochenendwertung 7. Platz - ADAC Rotax Max Open Germany 2017 - Rotax DD2 Master - Maranello 8. Platz - ADAC Rotax Max Challenge Germany 2016\u2026","rel":"","context":"\u00c4hnlicher Beitrag","block_context":{"text":"\u00c4hnlicher Beitrag","link":""},"img":{"alt_text":"","src":"","width":0,"height":0},"classes":[]},{"id":234,"url":"https:\/\/pwe-racing.de\/?page_id=234","url_meta":{"origin":716,"position":4},"title":"Impressum","author":"Philipp Weber","date":"2. Oktober 2013","format":false,"excerpt":"Inhalt und Gestaltung Philipp Weber Ro\u00dfrainstr 35 73061 Ebersbach an der Fils E-mail: info@pwe-racing.de Haftungshinweis: Mit dem Urteil vom 12\u00a0 Mai 1998 hat das Landgericht Hamburg entschieden, dass man durch\u00a0 anbieten eines Links die Inhalte der gelinkten Seite ggf. mit zu\u00a0 verantworten hat. Dies kann, so das Landgericht, nur dadurch\u2026","rel":"","context":"\u00c4hnlicher Beitrag","block_context":{"text":"\u00c4hnlicher Beitrag","link":""},"img":{"alt_text":"","src":"","width":0,"height":0},"classes":[]},{"id":449,"url":"https:\/\/pwe-racing.de\/?page_id=449","url_meta":{"origin":716,"position":5},"title":"Sponsoren","author":"Philipp Weber","date":"27. Dezember 2013","format":false,"excerpt":"Wir sind immer auf der Suche nach Sponsoren f\u00fcr unsere Ausr\u00fcstung. Wir bieten als Gegenleistung Werbefl\u00e4chen am Kart, Anzug und weiteren Fahrzeugen an. Mehr Erfahren Sie in der Sponsorenmappe die hier zum Download bereit steht. Wenn Sie Interesse haben treten sie doch einfach mit mir in Kontakt. E-Mail Adresse: info@pwe-racing.de\u2026","rel":"","context":"\u00c4hnlicher Beitrag","block_context":{"text":"\u00c4hnlicher Beitrag","link":""},"img":{"alt_text":"","src":"https:\/\/i0.wp.com\/pwe-racing.de\/wp-content\/uploads\/Folie11.jpg?resize=350%2C200","width":350,"height":200},"classes":[]}],"jetpack_likes_enabled":true,"_links":{"self":[{"href":"https:\/\/pwe-racing.de\/index.php?rest_route=\/wp\/v2\/pages\/716"}],"collection":[{"href":"https:\/\/pwe-racing.de\/index.php?rest_route=\/wp\/v2\/pages"}],"about":[{"href":"https:\/\/pwe-racing.de\/index.php?rest_route=\/wp\/v2\/types\/page"}],"author":[{"embeddable":true,"href":"https:\/\/pwe-racing.de\/index.php?rest_route=\/wp\/v2\/users\/1"}],"replies":[{"embeddable":true,"href":"https:\/\/pwe-racing.de\/index.php?rest_route=%2Fwp%2Fv2%2Fcomments&post=716"}],"version-history":[{"count":38,"href":"https:\/\/pwe-racing.de\/index.php?rest_route=\/wp\/v2\/pages\/716\/revisions"}],"predecessor-version":[{"id":1694,"href":"https:\/\/pwe-racing.de\/index.php?rest_route=\/wp\/v2\/pages\/716\/revisions\/1694"}],"up":[{"embeddable":true,"href":"https:\/\/pwe-racing.de\/index.php?rest_route=\/wp\/v2\/pages\/42"}],"wp:attachment":[{"href":"https:\/\/pwe-racing.de\/index.php?rest_route=%2Fwp%2Fv2%2Fmedia&parent=716"}],"curies":[{"name":"wp","href":"https:\/\/api.w.org\/{rel}","templated":true}]}}