
{"id":449,"date":"2013-12-27T19:02:12","date_gmt":"2013-12-27T18:02:12","guid":{"rendered":"http:\/\/pwe-racing.de\/?page_id=449"},"modified":"2017-04-02T13:38:03","modified_gmt":"2017-04-02T12:38:03","slug":"sponsoring","status":"publish","type":"page","link":"https:\/\/pwe-racing.de\/?page_id=449","title":{"rendered":"Sponsoren"},"content":{"rendered":"<figure id=\"attachment_1030\" aria-describedby=\"caption-attachment-1030\" style=\"width: 282px\" class=\"wp-caption alignright\"><a href=\"http:\/\/pwe-racing.de\/wp-content\/uploads\/PHILIPP-WEBER-Sponsoranfrage-2015PDF.pdf\"><img decoding=\"async\" loading=\"lazy\" class=\"wp-image-1030\" title=\"PHILIPP-WEBER-Sponsoranfrage-2015.pdf\" src=\"https:\/\/i0.wp.com\/pwe-racing.de\/wp-content\/uploads\/Folie11.jpg?resize=282%2C212\" alt=\"\" width=\"282\" height=\"212\" srcset=\"https:\/\/i0.wp.com\/pwe-racing.de\/wp-content\/uploads\/Folie11.jpg?w=960&amp;ssl=1 960w, https:\/\/i0.wp.com\/pwe-racing.de\/wp-content\/uploads\/Folie11.jpg?resize=300%2C225&amp;ssl=1 300w\" sizes=\"(max-width: 282px) 100vw, 282px\" data-recalc-dims=\"1\" \/><\/a><figcaption id=\"caption-attachment-1030\" class=\"wp-caption-text\">PHILIPP WEBER Sponsoranfrage.pdf<\/figcaption><\/figure>\n<p><strong>Wir sind immer auf der Suche nach Sponsoren f\u00fcr unsere Ausr\u00fcstung. Wir bieten <\/strong><strong>als Gegenleistung Werbefl\u00e4chen am Kart, Anzug und weiteren Fahrzeugen an.<\/strong><\/p>\n<p><strong>Mehr Erfahren Sie in der <a href=\"http:\/\/pwe-racing.de\/wp-content\/uploads\/PHILIPP-WEBER-Sponsoranfrage-2015PDF.pdf\">Sponsorenmappe die hier zum Download<\/a> bereit steht. <\/strong><\/p>\n<p><strong>Wenn Sie Interesse haben treten sie doch einfach mit mir in Kontakt.<\/strong><\/p>\n<p><strong>E-Mail Adresse: <a href=\"mailto:info@pwe-racing.de\">info@pwe-racing.de<\/a><\/strong><\/p>\n<h2 class=\"page-title\">Partner<\/h2>\n<div class=\"entry clearfix\">\n<h2>Ich bedanke mich recht herzlich bei meinen Partner f\u00fcr die Saison 2016<\/h2>\n<p><a href=\"http:\/\/www.telenot.com\/de\/home\/\" target=\"_blank\" rel=\"http:\/\/www.telenot.com\/de\/home\/\"><img decoding=\"async\" loading=\"lazy\" class=\"alignleft\" src=\"https:\/\/i0.wp.com\/www.telenot.com\/fileadmin\/default\/templates\/images\/logo.png?resize=420%2C190\" alt=\"\" width=\"420\" height=\"190\" data-recalc-dims=\"1\" \/><\/a><a href=\"http:\/\/mckt.de\/\" target=\"_blank\" rel=\"http:\/\/mckt.de\/\"><img decoding=\"async\" loading=\"lazy\" class=\"decoded alignnone\" src=\"http:\/\/www.kirchheim-teck.de\/ceasy\/modules\/core\/resources\/main.php5?view=publish&amp;item=resource&amp;id=1962&amp;maxWidth=200&amp;maxHeight=200\" alt=\"\" width=\"155\" height=\"200\" \/><\/a><\/p>\n<p>&nbsp;<\/p>\n<div data-test='contact-form' id='contact-form-449' class='wp-block-jetpack-contact-form-container '>\n<form action='https:\/\/pwe-racing.de\/?page_id=449#contact-form-449' method='post' class='contact-form commentsblock'>\n<script>\n\t\t\t( function () {\n\t\t\t\tconst contact_forms = document.getElementsByClassName('contact-form');\n\n\t\t\t\tfor ( const form of contact_forms ) {\n\t\t\t\t\tform.onsubmit = function() {\n\t\t\t\t\t\tconst buttons = form.getElementsByTagName('button');\n\n\t\t\t\t\t\tfor( const button of buttons ) {\n\t\t\t\t\t\t\tbutton.setAttribute('disabled', true);\n\t\t\t\t\t\t}\n\t\t\t\t\t}\n\t\t\t\t}\n\t\t\t} )();\n\t\t<\/script>\n<div style=\"\" class='grunion-field-name-wrap grunion-field-wrap'  >\n<label\n\t\t\t\tfor='g449-name'\n\t\t\t\tclass='grunion-field-label name'>Name<span>(erforderlich)<\/span><\/label>\n<input\n\t\t\t\t\ttype='text'\n\t\t\t\t\tname='g449-name'\n\t\t\t\t\tid='g449-name'\n\t\t\t\t\tvalue=''\n\t\t\t\t\tclass='name  grunion-field' \n\t\t\t\t\trequired aria-required='true' \/>\n\t<\/div>\n\n<div style=\"\" class='grunion-field-email-wrap grunion-field-wrap'  >\n<label\n\t\t\t\tfor='g449-email'\n\t\t\t\tclass='grunion-field-label email'>E-Mail<span>(erforderlich)<\/span><\/label>\n<input\n\t\t\t\t\ttype='email'\n\t\t\t\t\tname='g449-email'\n\t\t\t\t\tid='g449-email'\n\t\t\t\t\tvalue=''\n\t\t\t\t\tclass='email  grunion-field' \n\t\t\t\t\trequired aria-required='true' \/>\n\t<\/div>\n\n<div style=\"\" class='grunion-field-url-wrap grunion-field-wrap'  >\n<label\n\t\t\t\tfor='g449-webseite'\n\t\t\t\tclass='grunion-field-label url'>Webseite<\/label>\n<input\n\t\t\t\t\ttype='text'\n\t\t\t\t\tname='g449-webseite'\n\t\t\t\t\tid='g449-webseite'\n\t\t\t\t\tvalue=''\n\t\t\t\t\tclass='url  grunion-field' \n\t\t\t\t\ttitle=\"Bitte gib eine g\u00fcltige URL ein\u00a0\u2013 https:\/\/www.example.com\" oninvalid=\"setCustomValidity(&quot;Bitte gib eine g\u00fcltige URL ein\u00a0\u2013 https:\/\/www.example.com&quot;)\" oninput=\"setCustomValidity(&quot;&quot;)\" pattern=\"(([:\\\/a-zA-Z0-9_\\-]+)?(\\.[a-zA-Z0-9_\\-\\\/]+)+)\" data-type-override=\"url\"  \/>\n\t<\/div>\n\n<div style=\"\" class='grunion-field-textarea-wrap grunion-field-wrap'  >\n<label\n\t\t\t\tfor='contact-form-comment-g449-kommentar'\n\t\t\t\tclass='grunion-field-label textarea'>Kommentar<span>(erforderlich)<\/span><\/label>\n<textarea\n\t\t                style=''\n\t\t                name='g449-kommentar'\n\t\t                id='contact-form-comment-g449-kommentar'\n\t\t                rows='20' class='textarea  grunion-field'  required aria-required='true'><\/textarea>\n\t<\/div>\n\n\n<div class=\"si_captcha_small\"><img id=\"si_image_jetpack\" src=\"https:\/\/pwe-racing.de\/wp-content\/plugins\/si-captcha-for-wordpress\/captcha\/securimage_show.php?si_sm_captcha=1&amp;si_form_id=jetpack&amp;prefix=7ipFCyp3KfOUuVDi\" width=\"132\" height=\"45\" alt=\"CAPTCHA\" title=\"CAPTCHA\" \/>\n    <input id=\"si_code_jetpack\" name=\"si_code_jetpack\" type=\"hidden\"  value=\"7ipFCyp3KfOUuVDi\" \/>\n    <div id=\"si_refresh_jetpack\">\n<a href=\"#\" rel=\"nofollow\" title=\"Refresh\" onclick=\"si_captcha_refresh('si_image_jetpack','jetpack','\/wp-content\/plugins\/si-captcha-for-wordpress\/captcha','https:\/\/pwe-racing.de\/wp-content\/plugins\/si-captcha-for-wordpress\/captcha\/securimage_show.php?si_sm_captcha=1&amp;si_form_id=jetpack&amp;prefix='); return false;\">\n      <img class=\"si_captcha_refresh\" src=\"https:\/\/i0.wp.com\/pwe-racing.de\/wp-content\/plugins\/si-captcha-for-wordpress\/captcha\/images\/refresh.png?resize=22%2C20&#038;ssl=1\" width=\"22\" height=\"20\" alt=\"Refresh\" onclick=\"this.blur();\" data-recalc-dims=\"1\" \/><\/a>\n  <\/div>\n  <\/div>\n\n<div>\n<br \/>\n <label>CAPTCHA Code<br \/>\n<input id=\"si_captcha_code\" name=\"si_captcha_code\" class=\"input\" type=\"text\" value=\"\" \/><\/label>\n<\/div>\n\n\n        \t<p class='contact-submit'>\n\t\t<button type='submit' class='pushbutton-wide'>Senden<\/button>\t\t<input type='hidden' name='contact-form-id' value='449' \/>\n\t\t<input type='hidden' name='action' value='grunion-contact-form' \/>\n\t\t<input type='hidden' name='contact-form-hash' value='5431a9556834a212e8c2d4cbd359d481af77c390' \/>\n\t<\/p>\n<\/form>\n<\/div>\n<\/div>\n","protected":false},"excerpt":{"rendered":"<p>Wir sind immer auf der Suche nach Sponsoren f\u00fcr unsere Ausr\u00fcstung. Wir bieten als Gegenleistung Werbefl\u00e4chen am Kart, Anzug und weiteren Fahrzeugen an. Mehr Erfahren Sie in der Sponsorenmappe die hier zum Download bereit steht.<\/p>\n","protected":false},"author":1,"featured_media":0,"parent":0,"menu_order":6,"comment_status":"closed","ping_status":"closed","template":"","meta":{"jetpack_post_was_ever_published":false},"jetpack_sharing_enabled":true,"jetpack_shortlink":"https:\/\/wp.me\/P3YlFR-7f","jetpack-related-posts":[{"id":900,"url":"https:\/\/pwe-racing.de\/?page_id=900","url_meta":{"origin":449,"position":0},"title":"Mario Mei\u00dfner #599","author":"Philipp Weber","date":"25. November 2014","format":false,"excerpt":"In der Saison 2015 war Philipp in der Rotax Max Challenge Deutschland als Schrauber t\u00e4tig, beim DD2 Masters Fahrer Mario Mei\u00dfner. Das Rotax Max Challenge Open Wochenende war ein toller Einstieg als Schrauben in die bevorstehende Saison, Mario Mei\u00dfner holte sich einen starken 3 Platz. Rotax Max Open Wackersdorf 2015\u2026","rel":"","context":"\u00c4hnlicher Beitrag","block_context":{"text":"\u00c4hnlicher Beitrag","link":""},"img":{"alt_text":"","src":"","width":0,"height":0},"classes":[]},{"id":234,"url":"https:\/\/pwe-racing.de\/?page_id=234","url_meta":{"origin":449,"position":1},"title":"Impressum","author":"Philipp Weber","date":"2. Oktober 2013","format":false,"excerpt":"Inhalt und Gestaltung Philipp Weber Ro\u00dfrainstr 35 73061 Ebersbach an der Fils E-mail: info@pwe-racing.de Haftungshinweis: Mit dem Urteil vom 12\u00a0 Mai 1998 hat das Landgericht Hamburg entschieden, dass man durch\u00a0 anbieten eines Links die Inhalte der gelinkten Seite ggf. mit zu\u00a0 verantworten hat. Dies kann, so das Landgericht, nur dadurch\u2026","rel":"","context":"\u00c4hnlicher Beitrag","block_context":{"text":"\u00c4hnlicher Beitrag","link":""},"img":{"alt_text":"","src":"","width":0,"height":0},"classes":[]},{"id":158,"url":"https:\/\/pwe-racing.de\/","url_meta":{"origin":449,"position":2},"title":"Home","author":"Philipp Weber","date":"2. Oktober 2013","format":false,"excerpt":"N\u00e4chstes Rennen :\u00a0 22 - 23 . 06 . 2019 -- Bopfingen Aktuelles : --> Live Stream - RMC Bopfingen\u00a0 hier <-- Herzlich Willkommen Willkommen auf der Internetseite von Philipp Weber. Hier erfahren Sie alles \u00fcber den Kartfahrer aus Ebersbach an der Fils - Ro\u00dfw\u00e4lden (Stuttgart). Rennberichte, aktuelle Bilder, Termine\u2026","rel":"","context":"\u00c4hnlicher Beitrag","block_context":{"text":"\u00c4hnlicher Beitrag","link":""},"img":{"alt_text":"","src":"https:\/\/i0.wp.com\/pwe-racing.de\/wp-content\/uploads\/Philipp.jpg?resize=350%2C200","width":350,"height":200},"classes":[]},{"id":10,"url":"https:\/\/pwe-racing.de\/?page_id=10","url_meta":{"origin":449,"position":3},"title":"\u00dcber mich","author":"Philipp Weber","date":"1. Oktober 2013","format":false,"excerpt":"Philipp Weber *24.08.1984 Kartsport seit : 2007 Aktiv seit\u00a0 \u00a0 \u00a0\u00a0\u00a0\u00a0 : 2013 \u00a0Lieblingsstrecken: Liedolsheim Oppenrod Ampfing Kirchheim unter Teck \u00a0Klasse: Rotax DD2 Master Hobbys: Kartsport Fitness Photography Ziele f\u00fcr 2017: Erfahrung Sammeln\u00a0 \u00a0\u00a0 Top 5 Platzierungen in der Rotax Max Challenge Deutschland History Philipp ist seit der Saison 2013\u2026","rel":"","context":"\u00c4hnlicher Beitrag","block_context":{"text":"\u00c4hnlicher Beitrag","link":""},"img":{"alt_text":"","src":"https:\/\/i0.wp.com\/pwe-racing.de\/wp-content\/uploads\/IMG_6720-e1470848368106.jpg?resize=350%2C200","width":350,"height":200},"classes":[]},{"id":83,"url":"https:\/\/pwe-racing.de\/?page_id=83","url_meta":{"origin":449,"position":4},"title":"Team","author":"Philipp Weber","date":"1. Oktober 2013","format":false,"excerpt":"In der Serie Rotax Max Challenge Germany wird Philipp f\u00fcr das Nees Racing Kart Team unter der Leitung von Manuel Nees an den Start gehen! Schrauber in den Saisons\u00a0 2013-2019 Ludwig Weber","rel":"","context":"\u00c4hnlicher Beitrag","block_context":{"text":"\u00c4hnlicher Beitrag","link":""},"img":{"alt_text":"","src":"https:\/\/i0.wp.com\/pwe-racing.de\/wp-content\/uploads\/ludwig.jpg?resize=350%2C200","width":350,"height":200},"classes":[]},{"id":984,"url":"https:\/\/pwe-racing.de\/?page_id=984","url_meta":{"origin":449,"position":5},"title":"Kalender","author":"Philipp Weber","date":"4. Februar 2015","format":false,"excerpt":"Alle wichtigen Termine der Serien : Rotax Max Euro Challenge, Rotax Max Challenge Germany ACV Rhein-Main Kart-Cup, ACV Baden-W\u00fcrttemberg Kart-Cup","rel":"","context":"\u00c4hnlicher Beitrag","block_context":{"text":"\u00c4hnlicher Beitrag","link":""},"img":{"alt_text":"","src":"","width":0,"height":0},"classes":[]}],"jetpack_likes_enabled":true,"_links":{"self":[{"href":"https:\/\/pwe-racing.de\/index.php?rest_route=\/wp\/v2\/pages\/449"}],"collection":[{"href":"https:\/\/pwe-racing.de\/index.php?rest_route=\/wp\/v2\/pages"}],"about":[{"href":"https:\/\/pwe-racing.de\/index.php?rest_route=\/wp\/v2\/types\/page"}],"author":[{"embeddable":true,"href":"https:\/\/pwe-racing.de\/index.php?rest_route=\/wp\/v2\/users\/1"}],"replies":[{"embeddable":true,"href":"https:\/\/pwe-racing.de\/index.php?rest_route=%2Fwp%2Fv2%2Fcomments&post=449"}],"version-history":[{"count":48,"href":"https:\/\/pwe-racing.de\/index.php?rest_route=\/wp\/v2\/pages\/449\/revisions"}],"predecessor-version":[{"id":1629,"href":"https:\/\/pwe-racing.de\/index.php?rest_route=\/wp\/v2\/pages\/449\/revisions\/1629"}],"wp:attachment":[{"href":"https:\/\/pwe-racing.de\/index.php?rest_route=%2Fwp%2Fv2%2Fmedia&parent=449"}],"curies":[{"name":"wp","href":"https:\/\/api.w.org\/{rel}","templated":true}]}}