
{"id":42,"date":"2013-10-01T01:10:27","date_gmt":"2013-09-30T23:10:27","guid":{"rendered":"http:\/\/pwe-racing.de\/?page_id=42"},"modified":"2018-07-30T16:01:05","modified_gmt":"2018-07-30T15:01:05","slug":"erfolge","status":"publish","type":"page","link":"https:\/\/pwe-racing.de\/?page_id=42","title":{"rendered":"Erfolge"},"content":{"rendered":"<div>\n<p>&nbsp;<\/p>\n<p><strong>4. Platz &#8211; ADAC Rotax Max Challenge Germany 2017 &#8211; Rotax DD2 Master &#8211; Maranello<\/strong><\/p>\n<ul>\n<li>Bestes Saison Ergebnis : <strong>1. Platz &#8211; Wittgenborn &#8211; Wochenendwertung<\/strong><\/li>\n<\/ul>\n<p><strong>7. Platz &#8211; ADAC Rotax Max Open Germany 2017 &#8211; Rotax DD2 Master &#8211; Maranello<\/strong><\/p>\n<hr \/>\n<p><strong>8. Platz &#8211; ADAC Rotax Max Challenge Germany 2016 &#8211; Rotax DD2 Master &#8211; Maranello<\/strong><\/p>\n<\/div>\n<ul>\n<li>Bestes Saison Ergebnis : <strong>2. Platz &#8211; Wittgenborn &#8211; Finale<\/strong><\/li>\n<\/ul>\n<div id=\"cc-m-8506515598\">\n<hr \/>\n<p><strong>3. Platz &#8211; ACV Baden-W\u00fcrttemberg Kart Cup2015 &#8211; Rotax DD2 CS &#8211; CRG Dark Rider<\/strong><\/p>\n<p><strong>6. Platz &#8211; ACV Rhein Main Kart Cup 2015 &#8211; Rotax DD2 CS &#8211; CRG Dark Rider<br \/>\n<\/strong><\/p>\n<hr \/>\n<p><strong>1. Platz &#8211; ACV Baden-W\u00fcrttemberg Kart Cup 2014 &#8211; Rotax DD2 &#8211; CRG Dark Rider<\/strong><\/p>\n<p><strong><strong>5. Platz &#8211; ACV Rhein Main Kart Cup 2014 &#8211; Rotax DD2 &#8211; CRG Dark Rider<br \/>\n<\/strong><\/strong><\/p>\n<hr \/>\n<p><strong>5. Platz &#8211; ACV Baden-W\u00fcrttemberg Kart Cup 2013 &#8211; Rotax DD2 &#8211; Intrepid Sirius<br \/>\n<\/strong><\/p>\n<\/div>\n","protected":false},"excerpt":{"rendered":"<p>&nbsp; 4. Platz &#8211; ADAC Rotax Max Challenge Germany 2017 &#8211; Rotax DD2 Master &#8211; Maranello Bestes Saison Ergebnis : 1. Platz &#8211; Wittgenborn &#8211; Wochenendwertung 7. Platz &#8211; ADAC Rotax Max Open Germany 2017<\/p>\n","protected":false},"author":1,"featured_media":0,"parent":0,"menu_order":4,"comment_status":"closed","ping_status":"closed","template":"","meta":{"jetpack_post_was_ever_published":false},"jetpack_sharing_enabled":true,"jetpack_shortlink":"https:\/\/wp.me\/P3YlFR-G","jetpack-related-posts":[{"id":10,"url":"https:\/\/pwe-racing.de\/?page_id=10","url_meta":{"origin":42,"position":0},"title":"\u00dcber mich","author":"Philipp Weber","date":"1. Oktober 2013","format":false,"excerpt":"Philipp Weber *24.08.1984 Kartsport seit : 2007 Aktiv seit\u00a0 \u00a0 \u00a0\u00a0\u00a0\u00a0 : 2013 \u00a0Lieblingsstrecken: Liedolsheim Oppenrod Ampfing Kirchheim unter Teck \u00a0Klasse: Rotax DD2 Master Hobbys: Kartsport Fitness Photography Ziele f\u00fcr 2017: Erfahrung Sammeln\u00a0 \u00a0\u00a0 Top 5 Platzierungen in der Rotax Max Challenge Deutschland History Philipp ist seit der Saison 2013\u2026","rel":"","context":"\u00c4hnlicher Beitrag","block_context":{"text":"\u00c4hnlicher Beitrag","link":""},"img":{"alt_text":"","src":"https:\/\/i0.wp.com\/pwe-racing.de\/wp-content\/uploads\/IMG_6720-e1470848368106.jpg?resize=350%2C200","width":350,"height":200},"classes":[]},{"id":22,"url":"https:\/\/pwe-racing.de\/?page_id=22","url_meta":{"origin":42,"position":1},"title":"Ergebnisse","author":"Philipp Weber","date":"1. Oktober 2013","format":false,"excerpt":"Rotax Max Challenge Deutschland 2017 Strecke Quali. 1.Lauf 2.Lauf 3.Lauf Meisterschaft Serien Chassis Wittgenborn 2 3 1 1 1 RMC Maranello Wackersdorf 4 3 4 2 1 RMC Maranello Genk 5 15** 9* 7** 2 RMC Maranello Ampfing 3 3 10*\/** 7 3 RMC Maranello Kerpen 4 10* 11* 8*\u2026","rel":"","context":"\u00c4hnlicher Beitrag","block_context":{"text":"\u00c4hnlicher Beitrag","link":""},"img":{"alt_text":"","src":"","width":0,"height":0},"classes":[]},{"id":984,"url":"https:\/\/pwe-racing.de\/?page_id=984","url_meta":{"origin":42,"position":2},"title":"Kalender","author":"Philipp Weber","date":"4. Februar 2015","format":false,"excerpt":"Alle wichtigen Termine der Serien : Rotax Max Euro Challenge, Rotax Max Challenge Germany ACV Rhein-Main Kart-Cup, ACV Baden-W\u00fcrttemberg Kart-Cup","rel":"","context":"\u00c4hnlicher Beitrag","block_context":{"text":"\u00c4hnlicher Beitrag","link":""},"img":{"alt_text":"","src":"","width":0,"height":0},"classes":[]},{"id":62,"url":"https:\/\/pwe-racing.de\/?page_id=62","url_meta":{"origin":42,"position":3},"title":"Chassis","author":"Philipp Weber","date":"1. Oktober 2013","format":false,"excerpt":"In der Saison 2019 wird Philipp mit einem Maranello Kart an den Start gehen. Renn-Kart Maranello Kart RS11 30\/30 DD2 Hersteller Maranello Italien Rahmen Maranello Kart RS12 DD2 30\/30 Motor ROTAX 125 MAX-DD2 Evo 24KW \/ 32,6 PS bei 11.750 Upm 20Nm bei 10.500 Upm Max 14.000 Upm Rennklassen National\u2026","rel":"","context":"\u00c4hnlicher Beitrag","block_context":{"text":"\u00c4hnlicher Beitrag","link":""},"img":{"alt_text":"","src":"https:\/\/i0.wp.com\/pwe-racing.de\/wp-content\/uploads\/10712938_1562609524029541_2246705773467376759_n-e1455388267917.jpg?resize=350%2C200","width":350,"height":200},"classes":[]},{"id":900,"url":"https:\/\/pwe-racing.de\/?page_id=900","url_meta":{"origin":42,"position":4},"title":"Mario Mei\u00dfner #599","author":"Philipp Weber","date":"25. November 2014","format":false,"excerpt":"In der Saison 2015 war Philipp in der Rotax Max Challenge Deutschland als Schrauber t\u00e4tig, beim DD2 Masters Fahrer Mario Mei\u00dfner. Das Rotax Max Challenge Open Wochenende war ein toller Einstieg als Schrauben in die bevorstehende Saison, Mario Mei\u00dfner holte sich einen starken 3 Platz. Rotax Max Open Wackersdorf 2015\u2026","rel":"","context":"\u00c4hnlicher Beitrag","block_context":{"text":"\u00c4hnlicher Beitrag","link":""},"img":{"alt_text":"","src":"","width":0,"height":0},"classes":[]},{"id":158,"url":"https:\/\/pwe-racing.de\/","url_meta":{"origin":42,"position":5},"title":"Home","author":"Philipp Weber","date":"2. Oktober 2013","format":false,"excerpt":"N\u00e4chstes Rennen :\u00a0 22 - 23 . 06 . 2019 -- Bopfingen Aktuelles : --> Live Stream - RMC Bopfingen\u00a0 hier <-- Herzlich Willkommen Willkommen auf der Internetseite von Philipp Weber. Hier erfahren Sie alles \u00fcber den Kartfahrer aus Ebersbach an der Fils - Ro\u00dfw\u00e4lden (Stuttgart). Rennberichte, aktuelle Bilder, Termine\u2026","rel":"","context":"\u00c4hnlicher Beitrag","block_context":{"text":"\u00c4hnlicher Beitrag","link":""},"img":{"alt_text":"","src":"https:\/\/i0.wp.com\/pwe-racing.de\/wp-content\/uploads\/Philipp.jpg?resize=350%2C200","width":350,"height":200},"classes":[]}],"jetpack_likes_enabled":true,"_links":{"self":[{"href":"https:\/\/pwe-racing.de\/index.php?rest_route=\/wp\/v2\/pages\/42"}],"collection":[{"href":"https:\/\/pwe-racing.de\/index.php?rest_route=\/wp\/v2\/pages"}],"about":[{"href":"https:\/\/pwe-racing.de\/index.php?rest_route=\/wp\/v2\/types\/page"}],"author":[{"embeddable":true,"href":"https:\/\/pwe-racing.de\/index.php?rest_route=\/wp\/v2\/users\/1"}],"replies":[{"embeddable":true,"href":"https:\/\/pwe-racing.de\/index.php?rest_route=%2Fwp%2Fv2%2Fcomments&post=42"}],"version-history":[{"count":19,"href":"https:\/\/pwe-racing.de\/index.php?rest_route=\/wp\/v2\/pages\/42\/revisions"}],"predecessor-version":[{"id":1701,"href":"https:\/\/pwe-racing.de\/index.php?rest_route=\/wp\/v2\/pages\/42\/revisions\/1701"}],"wp:attachment":[{"href":"https:\/\/pwe-racing.de\/index.php?rest_route=%2Fwp%2Fv2%2Fmedia&parent=42"}],"curies":[{"name":"wp","href":"https:\/\/api.w.org\/{rel}","templated":true}]}}