
{"id":158,"date":"2013-10-02T01:52:40","date_gmt":"2013-10-01T23:52:40","guid":{"rendered":"http:\/\/pwe-racing.de\/?page_id=158"},"modified":"2019-02-21T21:58:43","modified_gmt":"2019-02-21T20:58:43","slug":"home","status":"publish","type":"page","link":"https:\/\/pwe-racing.de\/","title":{"rendered":"Home"},"content":{"rendered":"<h3 style=\"text-align: center;\">N\u00e4chstes Rennen :\u00a0 22 &#8211; 23 . 06 . 2019 &#8212; Bopfingen<\/h3>\n<h4 style=\"text-align: center;\">Aktuelles : <a href=\"https:\/\/www.youtube.com\/channel\/UCooddsZW5ZnkBwULUHrihkA\/live\">&#8211;&gt; Live Stream &#8211; RMC Bopfingen\u00a0 hier &lt;&#8211; <\/a><\/h4>\n<h2>Herzlich Willkommen<\/h2>\n<h3 style=\"text-align: center;\"><img decoding=\"async\" loading=\"lazy\" class=\"wp-image-1684 alignright\" src=\"https:\/\/i0.wp.com\/pwe-racing.de\/wp-content\/uploads\/Philipp.jpg?resize=206%2C542\" alt=\"\" width=\"206\" height=\"542\" srcset=\"https:\/\/i0.wp.com\/pwe-racing.de\/wp-content\/uploads\/Philipp.jpg?w=1002&amp;ssl=1 1002w, https:\/\/i0.wp.com\/pwe-racing.de\/wp-content\/uploads\/Philipp.jpg?resize=114%2C300&amp;ssl=1 114w, https:\/\/i0.wp.com\/pwe-racing.de\/wp-content\/uploads\/Philipp.jpg?resize=768%2C2019&amp;ssl=1 768w, https:\/\/i0.wp.com\/pwe-racing.de\/wp-content\/uploads\/Philipp.jpg?resize=390%2C1024&amp;ssl=1 390w\" sizes=\"(max-width: 206px) 100vw, 206px\" data-recalc-dims=\"1\" \/><\/h3>\n<div id=\"header-welcome-wrapper\">\n<p>Willkommen auf der Internetseite von Philipp Weber. Hier erfahren Sie alles \u00fcber den Kartfahrer<\/p>\n<p>aus Ebersbach an der Fils &#8211; Ro\u00dfw\u00e4lden (Stuttgart). Rennberichte, aktuelle Bilder, Termine und vieles mehr.<\/p>\n<p>2019 Startet Philipp in der Rotax Max Challenge Germany\u00a0 in der Klasse DD2 Masters f\u00fcr das Team von Manuel Nees &#8211; Nees Racing.<\/p>\n<p><span style=\"text-decoration: underline; color: #ff0000;\"><strong><a style=\"color: #ff0000; text-decoration: underline;\" href=\"http:\/\/www.karthandel.com\/rotax-max-challenge\/termine\/\">Kartodrom<\/a><a href=\"http:\/\/www.motorsport-events.se\/racemonrmc\/\"><img decoding=\"async\" loading=\"lazy\" class=\"wp-image-1203 alignleft\" src=\"https:\/\/i0.wp.com\/pwe-racing.de\/wp-content\/uploads\/logo_rmc_germany_500-250x197.jpg?resize=266%2C210\" alt=\"logo_rmc_germany_500-250x197\" width=\"266\" height=\"210\" data-recalc-dims=\"1\" \/><\/a><a style=\"color: #ff0000; text-decoration: underline;\" href=\"http:\/\/www.karthandel.com\/rotax-max-challenge\/termine\/\"> Rotax Max Challenge Germany<\/a><\/strong><\/span><\/p>\n<p><a href=\"http:\/\/www.motorsport-events.se\/racemonrmc\/#\"> &lt;&#8211; Livetiming hier RMC <\/a><\/p>\n<p><a href=\"http:\/\/pwe-racing.de\/?page_id=1411\">&lt;&#8211; Live Video Stream<\/a><\/p>\n<h4><\/h4>\n<p><script type=\"text\/javascript\">\/\/ <![CDATA[ google_ad_client = \"ca-pub-7915167767901340\"; google_ad_slot = \"8506229312\"; google_ad_width = 580; google_ad_height = 150; \/\/ ]]><\/script><br \/>\n<!-- Banner --><\/p>\n<p><script src=\"\/\/pagead2.googlesyndication.com\/pagead\/show_ads.js\" type=\"text\/javascript\">\/\/ <![CDATA[ \/\/ ]]><\/script><\/p>\n<\/div>\n","protected":false},"excerpt":{"rendered":"<p>N\u00e4chstes Rennen :\u00a0 22 &#8211; 23 . 06 . 2019 &#8212; Bopfingen Aktuelles : &#8211;&gt; Live Stream &#8211; RMC Bopfingen\u00a0 hier &lt;&#8211; Herzlich Willkommen Willkommen auf der Internetseite von Philipp Weber. Hier erfahren Sie alles<\/p>\n","protected":false},"author":1,"featured_media":0,"parent":0,"menu_order":0,"comment_status":"closed","ping_status":"closed","template":"","meta":{"jetpack_post_was_ever_published":false},"jetpack_sharing_enabled":true,"jetpack_shortlink":"https:\/\/wp.me\/P3YlFR-2y","jetpack-related-posts":[{"id":83,"url":"https:\/\/pwe-racing.de\/?page_id=83","url_meta":{"origin":158,"position":0},"title":"Team","author":"Philipp Weber","date":"1. Oktober 2013","format":false,"excerpt":"In der Serie Rotax Max Challenge Germany wird Philipp f\u00fcr das Nees Racing Kart Team unter der Leitung von Manuel Nees an den Start gehen! Schrauber in den Saisons\u00a0 2013-2019 Ludwig Weber","rel":"","context":"\u00c4hnlicher Beitrag","block_context":{"text":"\u00c4hnlicher Beitrag","link":""},"img":{"alt_text":"","src":"https:\/\/i0.wp.com\/pwe-racing.de\/wp-content\/uploads\/ludwig.jpg?resize=350%2C200","width":350,"height":200},"classes":[]},{"id":10,"url":"https:\/\/pwe-racing.de\/?page_id=10","url_meta":{"origin":158,"position":1},"title":"\u00dcber mich","author":"Philipp Weber","date":"1. Oktober 2013","format":false,"excerpt":"Philipp Weber *24.08.1984 Kartsport seit : 2007 Aktiv seit\u00a0 \u00a0 \u00a0\u00a0\u00a0\u00a0 : 2013 \u00a0Lieblingsstrecken: Liedolsheim Oppenrod Ampfing Kirchheim unter Teck \u00a0Klasse: Rotax DD2 Master Hobbys: Kartsport Fitness Photography Ziele f\u00fcr 2017: Erfahrung Sammeln\u00a0 \u00a0\u00a0 Top 5 Platzierungen in der Rotax Max Challenge Deutschland History Philipp ist seit der Saison 2013\u2026","rel":"","context":"\u00c4hnlicher Beitrag","block_context":{"text":"\u00c4hnlicher Beitrag","link":""},"img":{"alt_text":"","src":"https:\/\/i0.wp.com\/pwe-racing.de\/wp-content\/uploads\/IMG_6720-e1470848368106.jpg?resize=350%2C200","width":350,"height":200},"classes":[]},{"id":449,"url":"https:\/\/pwe-racing.de\/?page_id=449","url_meta":{"origin":158,"position":2},"title":"Sponsoren","author":"Philipp Weber","date":"27. Dezember 2013","format":false,"excerpt":"Wir sind immer auf der Suche nach Sponsoren f\u00fcr unsere Ausr\u00fcstung. Wir bieten als Gegenleistung Werbefl\u00e4chen am Kart, Anzug und weiteren Fahrzeugen an. Mehr Erfahren Sie in der Sponsorenmappe die hier zum Download bereit steht. Wenn Sie Interesse haben treten sie doch einfach mit mir in Kontakt. E-Mail Adresse: info@pwe-racing.de\u2026","rel":"","context":"\u00c4hnlicher Beitrag","block_context":{"text":"\u00c4hnlicher Beitrag","link":""},"img":{"alt_text":"","src":"https:\/\/i0.wp.com\/pwe-racing.de\/wp-content\/uploads\/Folie11.jpg?resize=350%2C200","width":350,"height":200},"classes":[]},{"id":234,"url":"https:\/\/pwe-racing.de\/?page_id=234","url_meta":{"origin":158,"position":3},"title":"Impressum","author":"Philipp Weber","date":"2. Oktober 2013","format":false,"excerpt":"Inhalt und Gestaltung Philipp Weber Ro\u00dfrainstr 35 73061 Ebersbach an der Fils E-mail: info@pwe-racing.de Haftungshinweis: Mit dem Urteil vom 12\u00a0 Mai 1998 hat das Landgericht Hamburg entschieden, dass man durch\u00a0 anbieten eines Links die Inhalte der gelinkten Seite ggf. mit zu\u00a0 verantworten hat. Dies kann, so das Landgericht, nur dadurch\u2026","rel":"","context":"\u00c4hnlicher Beitrag","block_context":{"text":"\u00c4hnlicher Beitrag","link":""},"img":{"alt_text":"","src":"","width":0,"height":0},"classes":[]},{"id":62,"url":"https:\/\/pwe-racing.de\/?page_id=62","url_meta":{"origin":158,"position":4},"title":"Chassis","author":"Philipp Weber","date":"1. Oktober 2013","format":false,"excerpt":"In der Saison 2019 wird Philipp mit einem Maranello Kart an den Start gehen. Renn-Kart Maranello Kart RS11 30\/30 DD2 Hersteller Maranello Italien Rahmen Maranello Kart RS12 DD2 30\/30 Motor ROTAX 125 MAX-DD2 Evo 24KW \/ 32,6 PS bei 11.750 Upm 20Nm bei 10.500 Upm Max 14.000 Upm Rennklassen National\u2026","rel":"","context":"\u00c4hnlicher Beitrag","block_context":{"text":"\u00c4hnlicher Beitrag","link":""},"img":{"alt_text":"","src":"https:\/\/i0.wp.com\/pwe-racing.de\/wp-content\/uploads\/10712938_1562609524029541_2246705773467376759_n-e1455388267917.jpg?resize=350%2C200","width":350,"height":200},"classes":[]},{"id":984,"url":"https:\/\/pwe-racing.de\/?page_id=984","url_meta":{"origin":158,"position":5},"title":"Kalender","author":"Philipp Weber","date":"4. Februar 2015","format":false,"excerpt":"Alle wichtigen Termine der Serien : Rotax Max Euro Challenge, Rotax Max Challenge Germany ACV Rhein-Main Kart-Cup, ACV Baden-W\u00fcrttemberg Kart-Cup","rel":"","context":"\u00c4hnlicher Beitrag","block_context":{"text":"\u00c4hnlicher Beitrag","link":""},"img":{"alt_text":"","src":"","width":0,"height":0},"classes":[]}],"jetpack_likes_enabled":true,"_links":{"self":[{"href":"https:\/\/pwe-racing.de\/index.php?rest_route=\/wp\/v2\/pages\/158"}],"collection":[{"href":"https:\/\/pwe-racing.de\/index.php?rest_route=\/wp\/v2\/pages"}],"about":[{"href":"https:\/\/pwe-racing.de\/index.php?rest_route=\/wp\/v2\/types\/page"}],"author":[{"embeddable":true,"href":"https:\/\/pwe-racing.de\/index.php?rest_route=\/wp\/v2\/users\/1"}],"replies":[{"embeddable":true,"href":"https:\/\/pwe-racing.de\/index.php?rest_route=%2Fwp%2Fv2%2Fcomments&post=158"}],"version-history":[{"count":255,"href":"https:\/\/pwe-racing.de\/index.php?rest_route=\/wp\/v2\/pages\/158\/revisions"}],"predecessor-version":[{"id":1707,"href":"https:\/\/pwe-racing.de\/index.php?rest_route=\/wp\/v2\/pages\/158\/revisions\/1707"}],"wp:attachment":[{"href":"https:\/\/pwe-racing.de\/index.php?rest_route=%2Fwp%2Fv2%2Fmedia&parent=158"}],"curies":[{"name":"wp","href":"https:\/\/api.w.org\/{rel}","templated":true}]}}