
{"id":1411,"date":"2016-03-27T13:03:37","date_gmt":"2016-03-27T12:03:37","guid":{"rendered":"http:\/\/pwe-racing.de\/?page_id=1411"},"modified":"2017-06-27T19:53:34","modified_gmt":"2017-06-27T18:53:34","slug":"rmc-live-stream","status":"publish","type":"page","link":"https:\/\/pwe-racing.de\/?page_id=1411","title":{"rendered":"RMC Live-Stream"},"content":{"rendered":"<p><script type=\"text\/javascript\">\/\/ <![CDATA[ google_ad_client = \"ca-pub-7915167767901340\"; google_ad_slot = \"8506229312\"; google_ad_width = 580; google_ad_height = 150; \/\/ ]]><\/script><!-- Banner --><script src=\"\/\/pagead2.googlesyndication.com\/pagead\/show_ads.js\" type=\"text\/javascript\">\/\/ <![CDATA[ \/\/ ]]><\/script><\/p>\n<h4>Aufzeichnungen sind unter Media Videos zu finden <a href=\"http:\/\/pwe-racing.de\/?page_id=593\">-&gt; Hier klicken &lt;&#8211;<\/a><\/h4>\n<figure id=\"attachment_607\" aria-describedby=\"caption-attachment-607\" style=\"width: 320px\" class=\"wp-caption aligncenter\"><a href=\"https:\/\/www.youtube.com\/channel\/UCooddsZW5ZnkBwULUHrihkA\/live\"><img decoding=\"async\" loading=\"lazy\" class=\"wp-image-607\" src=\"https:\/\/i0.wp.com\/pwe-racing.de\/wp-content\/uploads\/video-marketing1.jpg?resize=320%2C320\" alt=\"TV-Bilder Live Video Stream RMC Rennen\" width=\"320\" height=\"320\" srcset=\"https:\/\/i0.wp.com\/pwe-racing.de\/wp-content\/uploads\/video-marketing1.jpg?w=300&amp;ssl=1 300w, https:\/\/i0.wp.com\/pwe-racing.de\/wp-content\/uploads\/video-marketing1.jpg?resize=150%2C150&amp;ssl=1 150w, https:\/\/i0.wp.com\/pwe-racing.de\/wp-content\/uploads\/video-marketing1.jpg?resize=90%2C90&amp;ssl=1 90w\" sizes=\"(max-width: 320px) 100vw, 320px\" data-recalc-dims=\"1\" \/><\/a><figcaption id=\"caption-attachment-607\" class=\"wp-caption-text\">Live Video &#8211; Stream RMC Rennen Bild anklicken<\/figcaption><\/figure>\n<h4><\/h4>\n<h5 style=\"text-align: left;\"><span style=\"text-decoration: underline; color: #ff0000;\"><strong><a href=\"http:\/\/www.motorsport-events.se\/racemonrmc\/\"><img decoding=\"async\" loading=\"lazy\" class=\"wp-image-1203 alignleft\" src=\"https:\/\/i0.wp.com\/pwe-racing.de\/wp-content\/uploads\/logo_rmc_germany_500-250x197.jpg?resize=144%2C114\" alt=\"logo_rmc_germany_500-250x197\" width=\"144\" height=\"114\" data-recalc-dims=\"1\" \/><\/a><a style=\"color: #ff0000; text-decoration: underline;\" href=\"http:\/\/www.karthandel.com\/rotax-max-challenge\/termine\/\">Kartodrom Rotax Max Challenge Germany<\/a><\/strong><\/span>\u00a0 <a href=\"http:\/\/www.motorsport-events.se\/racemonrmc\/\" target=\"_blank\" rel=\"noopener\"><br \/>\n&lt;- Livetiming hier RMC<\/a><\/h5>\n","protected":false},"excerpt":{"rendered":"<p>Aufzeichnungen sind unter Media Videos zu finden -&gt; Hier klicken &lt;&#8211; Kartodrom Rotax Max Challenge Germany\u00a0 &lt;- Livetiming hier RMC<\/p>\n","protected":false},"author":1,"featured_media":0,"parent":7,"menu_order":2,"comment_status":"closed","ping_status":"closed","template":"","meta":{"jetpack_post_was_ever_published":false},"jetpack_sharing_enabled":true,"jetpack_shortlink":"https:\/\/wp.me\/P3YlFR-mL","jetpack-related-posts":[{"id":158,"url":"https:\/\/pwe-racing.de\/","url_meta":{"origin":1411,"position":0},"title":"Home","author":"Philipp Weber","date":"2. Oktober 2013","format":false,"excerpt":"N\u00e4chstes Rennen :\u00a0 22 - 23 . 06 . 2019 -- Bopfingen Aktuelles : --> Live Stream - RMC Bopfingen\u00a0 hier <-- Herzlich Willkommen Willkommen auf der Internetseite von Philipp Weber. Hier erfahren Sie alles \u00fcber den Kartfahrer aus Ebersbach an der Fils - Ro\u00dfw\u00e4lden (Stuttgart). Rennberichte, aktuelle Bilder, Termine\u2026","rel":"","context":"\u00c4hnlicher Beitrag","block_context":{"text":"\u00c4hnlicher Beitrag","link":""},"img":{"alt_text":"","src":"https:\/\/i0.wp.com\/pwe-racing.de\/wp-content\/uploads\/Philipp.jpg?resize=350%2C200","width":350,"height":200},"classes":[]},{"id":22,"url":"https:\/\/pwe-racing.de\/?page_id=22","url_meta":{"origin":1411,"position":1},"title":"Ergebnisse","author":"Philipp Weber","date":"1. Oktober 2013","format":false,"excerpt":"Rotax Max Challenge Deutschland 2017 Strecke Quali. 1.Lauf 2.Lauf 3.Lauf Meisterschaft Serien Chassis Wittgenborn 2 3 1 1 1 RMC Maranello Wackersdorf 4 3 4 2 1 RMC Maranello Genk 5 15** 9* 7** 2 RMC Maranello Ampfing 3 3 10*\/** 7 3 RMC Maranello Kerpen 4 10* 11* 8*\u2026","rel":"","context":"\u00c4hnlicher Beitrag","block_context":{"text":"\u00c4hnlicher Beitrag","link":""},"img":{"alt_text":"","src":"","width":0,"height":0},"classes":[]},{"id":900,"url":"https:\/\/pwe-racing.de\/?page_id=900","url_meta":{"origin":1411,"position":2},"title":"Mario Mei\u00dfner #599","author":"Philipp Weber","date":"25. November 2014","format":false,"excerpt":"In der Saison 2015 war Philipp in der Rotax Max Challenge Deutschland als Schrauber t\u00e4tig, beim DD2 Masters Fahrer Mario Mei\u00dfner. Das Rotax Max Challenge Open Wochenende war ein toller Einstieg als Schrauben in die bevorstehende Saison, Mario Mei\u00dfner holte sich einen starken 3 Platz. Rotax Max Open Wackersdorf 2015\u2026","rel":"","context":"\u00c4hnlicher Beitrag","block_context":{"text":"\u00c4hnlicher Beitrag","link":""},"img":{"alt_text":"","src":"","width":0,"height":0},"classes":[]}],"jetpack_likes_enabled":true,"_links":{"self":[{"href":"https:\/\/pwe-racing.de\/index.php?rest_route=\/wp\/v2\/pages\/1411"}],"collection":[{"href":"https:\/\/pwe-racing.de\/index.php?rest_route=\/wp\/v2\/pages"}],"about":[{"href":"https:\/\/pwe-racing.de\/index.php?rest_route=\/wp\/v2\/types\/page"}],"author":[{"embeddable":true,"href":"https:\/\/pwe-racing.de\/index.php?rest_route=\/wp\/v2\/users\/1"}],"replies":[{"embeddable":true,"href":"https:\/\/pwe-racing.de\/index.php?rest_route=%2Fwp%2Fv2%2Fcomments&post=1411"}],"version-history":[{"count":39,"href":"https:\/\/pwe-racing.de\/index.php?rest_route=\/wp\/v2\/pages\/1411\/revisions"}],"predecessor-version":[{"id":1669,"href":"https:\/\/pwe-racing.de\/index.php?rest_route=\/wp\/v2\/pages\/1411\/revisions\/1669"}],"up":[{"embeddable":true,"href":"https:\/\/pwe-racing.de\/index.php?rest_route=\/wp\/v2\/pages\/7"}],"wp:attachment":[{"href":"https:\/\/pwe-racing.de\/index.php?rest_route=%2Fwp%2Fv2%2Fmedia&parent=1411"}],"curies":[{"name":"wp","href":"https:\/\/api.w.org\/{rel}","templated":true}]}}