
{"id":10,"date":"2013-10-01T01:14:11","date_gmt":"2013-09-30T23:14:11","guid":{"rendered":"http:\/\/pwe-racing.de\/?page_id=10"},"modified":"2017-06-27T19:10:03","modified_gmt":"2017-06-27T18:10:03","slug":"ueber-mich-2","status":"publish","type":"page","link":"https:\/\/pwe-racing.de\/?page_id=10","title":{"rendered":"\u00dcber mich"},"content":{"rendered":"<h3><strong><img decoding=\"async\" loading=\"lazy\" class=\" wp-image-1566 alignright\" src=\"https:\/\/i0.wp.com\/pwe-racing.de\/wp-content\/uploads\/IMG_6720-e1470848368106.jpg?resize=322%2C789\" alt=\"IMG_6720\" width=\"322\" height=\"789\" srcset=\"https:\/\/i0.wp.com\/pwe-racing.de\/wp-content\/uploads\/IMG_6720-e1470848368106.jpg?w=613&amp;ssl=1 613w, https:\/\/i0.wp.com\/pwe-racing.de\/wp-content\/uploads\/IMG_6720-e1470848368106.jpg?resize=122%2C300&amp;ssl=1 122w, https:\/\/i0.wp.com\/pwe-racing.de\/wp-content\/uploads\/IMG_6720-e1470848368106.jpg?resize=418%2C1024&amp;ssl=1 418w\" sizes=\"(max-width: 322px) 100vw, 322px\" data-recalc-dims=\"1\" \/>Philipp Weber<\/strong><\/h3>\n<p>*24.08.1984<\/p>\n<p><strong>Kartsport seit : 2007<\/strong><\/p>\n<p><strong> Aktiv seit\u00a0 \u00a0 \u00a0\u00a0\u00a0\u00a0 : 2013<\/strong><\/p>\n<p><strong>\u00a0Lieblingsstrecken:<\/strong><\/p>\n<ul>\n<li>Liedolsheim<\/li>\n<li>Oppenrod<\/li>\n<li>Ampfing<\/li>\n<li>Kirchheim unter Teck<\/li>\n<\/ul>\n<p><strong>\u00a0Klasse:<br \/>\n<\/strong><\/p>\n<ul>\n<li>Rotax DD2 Master<\/li>\n<\/ul>\n<p><strong>Hobbys:<\/strong><\/p>\n<ul>\n<li>Kartsport<\/li>\n<li>Fitness<\/li>\n<li>Photography<\/li>\n<\/ul>\n<p><strong>Ziele f\u00fcr 2017:<\/strong><\/p>\n<ul>\n<li>Erfahrung Sammeln\u00a0 \u00a0<strong>\u00a0<\/strong><\/li>\n<\/ul>\n<ul>\n<li>Top 5 Platzierungen in der Rotax Max Challenge Deutschland<\/li>\n<\/ul>\n<h2 class=\"page-title\">History<\/h2>\n<div class=\"entry clearfix\">\n<p>Philipp ist seit der Saison 2013 im Kartsport aktiv, 2013 bestritt er im Baden-W\u00fcrttemberg Kart Cup 4 von 5 Rennen mit einem Intrepid Sirius DD2 und wurde 5ter in der Meisterschaft.Ein Jahr sp\u00e4ter, 2014 ging er mit einem CRG Dark Rider DD2 an den Start, er wurde Meister im Baden-W\u00fcrttemberg Kart Cup, in der Schwester Serie der Rhein Main Kart Cup hat er einen starken 5ten Rang belegt.<\/p>\n<p>Im 3ten Rennjahr 2015, ebenfalls mit einem CRG Dark Rider DD2, wollte Philipp seinen Titel verteidigen leider war das Gl\u00fcck nicht immer mit ihm, somit war es in der Endabrechnung der 3te Rang im Baden-W\u00fcrttemberg Kart Cup und ein 6ter Rang im Rhein Main-Kart Cup.<\/p>\n<p>In der Saison 2015 war Philipp erstmals in der Rotax Max Challenge Deutschland als Schrauber t\u00e4tig, beim DD2 Masters Fahrer Mario Mei\u00dfner.<\/p>\n<p>Weitere Info\u00b4s hier -&gt; <a href=\"http:\/\/pwe-racing.de\/?page_id=900\">Mario Mei\u00dfner #599<\/a> &lt;-<\/p>\n<p>Philipp dankt BERND KLIMM von KARTSPORT KLIMM der ihn die 3 Jahre unterst\u00fctzt hat.<\/p>\n<p><strong>2016 <\/strong>wechselt Philipp das Team und f\u00e4hrt nun ein Maranello Kart im Team von Manuel Nees. Eine weitere Ver\u00e4nderung die 2016 Einzug h\u00e4lt ist, dass Philipp sein erstes Jahr in der Rotax Max Challenge Deutschland in der Klasse DD2-Master in Angriff nehmen wird.<\/p>\n<\/div>\n<p>&nbsp;<\/p>\n<p>&nbsp;<\/p>\n","protected":false},"excerpt":{"rendered":"<p>Philipp Weber *24.08.1984 Kartsport seit : 2007 Aktiv seit\u00a0 \u00a0 \u00a0\u00a0\u00a0\u00a0 : 2013 \u00a0Lieblingsstrecken: Liedolsheim Oppenrod Ampfing Kirchheim unter Teck \u00a0Klasse: Rotax DD2 Master Hobbys: Kartsport Fitness Photography Ziele f\u00fcr 2017: Erfahrung Sammeln\u00a0 \u00a0\u00a0 Top<\/p>\n","protected":false},"author":1,"featured_media":0,"parent":0,"menu_order":3,"comment_status":"closed","ping_status":"closed","template":"","meta":{"jetpack_post_was_ever_published":false},"jetpack_sharing_enabled":true,"jetpack_shortlink":"https:\/\/wp.me\/P3YlFR-a","jetpack-related-posts":[{"id":42,"url":"https:\/\/pwe-racing.de\/?page_id=42","url_meta":{"origin":10,"position":0},"title":"Erfolge","author":"Philipp Weber","date":"1. Oktober 2013","format":false,"excerpt":"\u00a0 4. Platz - ADAC Rotax Max Challenge Germany 2017 - Rotax DD2 Master - Maranello Bestes Saison Ergebnis : 1. Platz - Wittgenborn - Wochenendwertung 7. Platz - ADAC Rotax Max Open Germany 2017 - Rotax DD2 Master - Maranello 8. Platz - ADAC Rotax Max Challenge Germany 2016\u2026","rel":"","context":"\u00c4hnlicher Beitrag","block_context":{"text":"\u00c4hnlicher Beitrag","link":""},"img":{"alt_text":"","src":"","width":0,"height":0},"classes":[]},{"id":158,"url":"https:\/\/pwe-racing.de\/","url_meta":{"origin":10,"position":1},"title":"Home","author":"Philipp Weber","date":"2. Oktober 2013","format":false,"excerpt":"N\u00e4chstes Rennen :\u00a0 22 - 23 . 06 . 2019 -- Bopfingen Aktuelles : --> Live Stream - RMC Bopfingen\u00a0 hier <-- Herzlich Willkommen Willkommen auf der Internetseite von Philipp Weber. Hier erfahren Sie alles \u00fcber den Kartfahrer aus Ebersbach an der Fils - Ro\u00dfw\u00e4lden (Stuttgart). Rennberichte, aktuelle Bilder, Termine\u2026","rel":"","context":"\u00c4hnlicher Beitrag","block_context":{"text":"\u00c4hnlicher Beitrag","link":""},"img":{"alt_text":"","src":"https:\/\/i0.wp.com\/pwe-racing.de\/wp-content\/uploads\/Philipp.jpg?resize=350%2C200","width":350,"height":200},"classes":[]},{"id":62,"url":"https:\/\/pwe-racing.de\/?page_id=62","url_meta":{"origin":10,"position":2},"title":"Chassis","author":"Philipp Weber","date":"1. Oktober 2013","format":false,"excerpt":"In der Saison 2019 wird Philipp mit einem Maranello Kart an den Start gehen. Renn-Kart Maranello Kart RS11 30\/30 DD2 Hersteller Maranello Italien Rahmen Maranello Kart RS12 DD2 30\/30 Motor ROTAX 125 MAX-DD2 Evo 24KW \/ 32,6 PS bei 11.750 Upm 20Nm bei 10.500 Upm Max 14.000 Upm Rennklassen National\u2026","rel":"","context":"\u00c4hnlicher Beitrag","block_context":{"text":"\u00c4hnlicher Beitrag","link":""},"img":{"alt_text":"","src":"https:\/\/i0.wp.com\/pwe-racing.de\/wp-content\/uploads\/10712938_1562609524029541_2246705773467376759_n-e1455388267917.jpg?resize=350%2C200","width":350,"height":200},"classes":[]},{"id":900,"url":"https:\/\/pwe-racing.de\/?page_id=900","url_meta":{"origin":10,"position":3},"title":"Mario Mei\u00dfner #599","author":"Philipp Weber","date":"25. November 2014","format":false,"excerpt":"In der Saison 2015 war Philipp in der Rotax Max Challenge Deutschland als Schrauber t\u00e4tig, beim DD2 Masters Fahrer Mario Mei\u00dfner. Das Rotax Max Challenge Open Wochenende war ein toller Einstieg als Schrauben in die bevorstehende Saison, Mario Mei\u00dfner holte sich einen starken 3 Platz. Rotax Max Open Wackersdorf 2015\u2026","rel":"","context":"\u00c4hnlicher Beitrag","block_context":{"text":"\u00c4hnlicher Beitrag","link":""},"img":{"alt_text":"","src":"","width":0,"height":0},"classes":[]},{"id":984,"url":"https:\/\/pwe-racing.de\/?page_id=984","url_meta":{"origin":10,"position":4},"title":"Kalender","author":"Philipp Weber","date":"4. Februar 2015","format":false,"excerpt":"Alle wichtigen Termine der Serien : Rotax Max Euro Challenge, Rotax Max Challenge Germany ACV Rhein-Main Kart-Cup, ACV Baden-W\u00fcrttemberg Kart-Cup","rel":"","context":"\u00c4hnlicher Beitrag","block_context":{"text":"\u00c4hnlicher Beitrag","link":""},"img":{"alt_text":"","src":"","width":0,"height":0},"classes":[]},{"id":83,"url":"https:\/\/pwe-racing.de\/?page_id=83","url_meta":{"origin":10,"position":5},"title":"Team","author":"Philipp Weber","date":"1. Oktober 2013","format":false,"excerpt":"In der Serie Rotax Max Challenge Germany wird Philipp f\u00fcr das Nees Racing Kart Team unter der Leitung von Manuel Nees an den Start gehen! Schrauber in den Saisons\u00a0 2013-2019 Ludwig Weber","rel":"","context":"\u00c4hnlicher Beitrag","block_context":{"text":"\u00c4hnlicher Beitrag","link":""},"img":{"alt_text":"","src":"https:\/\/i0.wp.com\/pwe-racing.de\/wp-content\/uploads\/ludwig.jpg?resize=350%2C200","width":350,"height":200},"classes":[]}],"jetpack_likes_enabled":true,"_links":{"self":[{"href":"https:\/\/pwe-racing.de\/index.php?rest_route=\/wp\/v2\/pages\/10"}],"collection":[{"href":"https:\/\/pwe-racing.de\/index.php?rest_route=\/wp\/v2\/pages"}],"about":[{"href":"https:\/\/pwe-racing.de\/index.php?rest_route=\/wp\/v2\/types\/page"}],"author":[{"embeddable":true,"href":"https:\/\/pwe-racing.de\/index.php?rest_route=\/wp\/v2\/users\/1"}],"replies":[{"embeddable":true,"href":"https:\/\/pwe-racing.de\/index.php?rest_route=%2Fwp%2Fv2%2Fcomments&post=10"}],"version-history":[{"count":35,"href":"https:\/\/pwe-racing.de\/index.php?rest_route=\/wp\/v2\/pages\/10\/revisions"}],"predecessor-version":[{"id":1659,"href":"https:\/\/pwe-racing.de\/index.php?rest_route=\/wp\/v2\/pages\/10\/revisions\/1659"}],"wp:attachment":[{"href":"https:\/\/pwe-racing.de\/index.php?rest_route=%2Fwp%2Fv2%2Fmedia&parent=10"}],"curies":[{"name":"wp","href":"https:\/\/api.w.org\/{rel}","templated":true}]}}